{"id":13,"date":"2017-02-12T08:34:31","date_gmt":"2017-02-12T08:34:31","guid":{"rendered":"http:\/\/www.kic-gospic.eu\/?page_id=13"},"modified":"2018-11-12T07:23:13","modified_gmt":"2018-11-12T07:23:13","slug":"o-nama","status":"publish","type":"page","link":"https:\/\/kic-gospic.eu\/novo\/o-nama\/","title":{"rendered":"O nama"},"content":{"rendered":"<p>KIC je osnovan 2009. godine Odlukom Gradskog vije\u0107a Grada Gospi\u0107a pod nazivom Kulturno Informativni Centar Gospi\u0107, javna ustanova za kulturu, sa sjedi\u0161tem u Gospi\u0107u, Buda\u010dka 12.<\/p>\n<p><span style=\"color: #ff9900;\"><strong>Djelatnost ustanove je:<\/strong><\/span><\/p>\n<ul>\n<li>organizacija, razvijanje i unapre\u0111ivanje svih oblika kulturnog i umjetni\u010dkog stvarala\u0161tva;<\/li>\n<li>zadovoljavanje svih oblika zabavnih, kulturnih i umjetni\u010dkih potreba Grada Gospi\u0107a;<\/li>\n<li>izdava\u010dka djelatnost;<\/li>\n<li>promid\u017eba (reklama i propaganda);<\/li>\n<li>umjetni\u010dko i knji\u017eevno stvarala\u0161tvo i reproduktivno izvo\u0111enje;<\/li>\n<li>proizvodnja i trgovina na malo umjetninama, suvenirima, knjigama, rukotvorinama i sli\u010dnim predmetima;<\/li>\n<li>djelatnost javnog informiranja;<\/li>\n<li>djelatnost pru\u017eanja audio i\/ili audiovizualnih medijskih usluga;<\/li>\n<li>djelatnost pru\u017eanja usluga elektroni\u010dkih publikacija;<\/li>\n<li>djelatnost objavljivanja audiovizualnog i radijskog programa;<\/li>\n<li>djelatnost pru\u017eanja medijskih usluga televizije i\/ili radija;<\/li>\n<li>usluge informacijskog dru\u0161tva;<\/li>\n<li>komplementarne djelatnosti audiovizualnim djelatnostima;<\/li>\n<li>galerijsko-izlo\u017ebena djelatnost;<\/li>\n<li>ostvarivanje i promicanje multikulture, nacionalnih i interkulturnih vrijednosti;<\/li>\n<li>poticanje mladih na aktivno uklju\u010divanje u kulturne i druge aktivnosti;<\/li>\n<li>organiziranje programa vlastite produkcije u suradnji s drugim ustanovama;<\/li>\n<li>pripremanje i uslu\u017eivanje pi\u0107a i napitaka;<\/li>\n<li>pru\u017eanje usluga smje\u0161taja;<\/li>\n<li>pru\u017eanje usluga iznajmljivanja prostora.<\/li>\n<\/ul>\n<p><span style=\"color: #ff9900;\"><strong>U sklopu KIC-a nalaze se:<\/strong><\/span><\/p>\n<ul>\n<li>Hrvatski dom Kani\u017ea\u00a0 u kojem djeluju ultimate fight klub Likos i armwrestling klub Arktos;<\/li>\n<li>KIC Li\u010dki Osik koji je u izgradnji.<\/li>\n<\/ul>\n<p><span style=\"color: #ff9900;\"><strong>Vizija:<\/strong><\/span><\/p>\n<p>Kulturno Informativni Centar je javna ustanova kulture koja <strong>putem svojih djelatnosti promi\u010de kulturu, sportske i visoke umjetni\u010dke dosege, prati i poti\u010de aktualna dru\u0161tvena i kulturna zbivanja u gradu Gospi\u0107u<\/strong> \u00a0i koja pru\u017ea mogu\u0107nosti za svestrano informiranje u kulturi i o kulturi.<\/p>\n","protected":false},"excerpt":{"rendered":"<p>KIC je osnovan 2009. godine Odlukom Gradskog vije\u0107a Grada Gospi\u0107a pod nazivom Kulturno Informativni Centar Gospi\u0107, javna ustanova za kulturu, sa sjedi\u0161tem u Gospi\u0107u, Buda\u010dka 12. Djelatnost ustanove je: organizacija, razvijanje i unapre\u0111ivanje svih oblika kulturnog i umjetni\u010dkog stvarala\u0161tva; zadovoljavanje svih oblika zabavnih, kulturnih i umjetni\u010dkih potreba Grada Gospi\u0107a; izdava\u010dka djelatnost; promid\u017eba (reklama i propaganda); [&hellip;]<\/p>\n","protected":false},"author":2,"featured_media":0,"parent":0,"menu_order":0,"comment_status":"closed","ping_status":"closed","template":"","meta":{"footnotes":""},"acf":[],"yoast_head":"<!-- This site is optimized with the Yoast SEO plugin v21.5 - https:\/\/yoast.com\/wordpress\/plugins\/seo\/ -->\n<title>O nama | Djelatnosti | Vizija | Hrvatska | Kulturno Informativni Centar Gospi\u0107<\/title>\n<meta name=\"robots\" content=\"index, follow, max-snippet:-1, max-image-preview:large, max-video-preview:-1\" \/>\n<link rel=\"canonical\" href=\"https:\/\/kic-gospic.eu\/novo\/o-nama\/\" \/>\n<meta property=\"og:locale\" content=\"en_US\" \/>\n<meta property=\"og:type\" content=\"article\" \/>\n<meta property=\"og:title\" content=\"O nama | Djelatnosti | Vizija | Hrvatska | Kulturno Informativni Centar Gospi\u0107\" \/>\n<meta property=\"og:description\" content=\"KIC je osnovan 2009. godine Odlukom Gradskog vije\u0107a Grada Gospi\u0107a pod nazivom Kulturno Informativni Centar Gospi\u0107, javna ustanova za kulturu, sa sjedi\u0161tem u Gospi\u0107u, Buda\u010dka 12. Djelatnost ustanove je: organizacija, razvijanje i unapre\u0111ivanje svih oblika kulturnog i umjetni\u010dkog stvarala\u0161tva; zadovoljavanje svih oblika zabavnih, kulturnih i umjetni\u010dkih potreba Grada Gospi\u0107a; izdava\u010dka djelatnost; promid\u017eba (reklama i propaganda); [&hellip;]\" \/>\n<meta property=\"og:url\" content=\"https:\/\/kic-gospic.eu\/novo\/o-nama\/\" \/>\n<meta property=\"og:site_name\" content=\"Kulturno Informativni Centar Gospi\u0107\" \/>\n<meta property=\"article:publisher\" content=\"https:\/\/www.facebook.com\/kicgospic\/\" \/>\n<meta property=\"article:modified_time\" content=\"2018-11-12T07:23:13+00:00\" \/>\n<meta property=\"og:image\" content=\"https:\/\/kic-gospic.eu\/novo\/wp-content\/uploads\/2017\/02\/kic-gospic-logo.jpg\" \/>\n\t<meta property=\"og:image:width\" content=\"150\" \/>\n\t<meta property=\"og:image:height\" content=\"150\" \/>\n\t<meta property=\"og:image:type\" content=\"image\/jpeg\" \/>\n<meta name=\"twitter:card\" content=\"summary_large_image\" \/>\n<meta name=\"twitter:label1\" content=\"Est. reading time\" \/>\n\t<meta name=\"twitter:data1\" content=\"1 minute\" \/>\n<script type=\"application\/ld+json\" class=\"yoast-schema-graph\">{\"@context\":\"https:\/\/schema.org\",\"@graph\":[{\"@type\":\"WebPage\",\"@id\":\"https:\/\/kic-gospic.eu\/novo\/o-nama\/\",\"url\":\"https:\/\/kic-gospic.eu\/novo\/o-nama\/\",\"name\":\"O nama | Djelatnosti | Vizija | Hrvatska | Kulturno Informativni Centar Gospi\u0107\",\"isPartOf\":{\"@id\":\"https:\/\/kic-gospic.eu\/novo\/#website\"},\"datePublished\":\"2017-02-12T08:34:31+00:00\",\"dateModified\":\"2018-11-12T07:23:13+00:00\",\"breadcrumb\":{\"@id\":\"https:\/\/kic-gospic.eu\/novo\/o-nama\/#breadcrumb\"},\"inLanguage\":\"en-US\",\"potentialAction\":[{\"@type\":\"ReadAction\",\"target\":[\"https:\/\/kic-gospic.eu\/novo\/o-nama\/\"]}]},{\"@type\":\"BreadcrumbList\",\"@id\":\"https:\/\/kic-gospic.eu\/novo\/o-nama\/#breadcrumb\",\"itemListElement\":[{\"@type\":\"ListItem\",\"position\":1,\"name\":\"Home\",\"item\":\"https:\/\/kic-gospic.eu\/novo\/\"},{\"@type\":\"ListItem\",\"position\":2,\"name\":\"O nama\"}]},{\"@type\":\"WebSite\",\"@id\":\"https:\/\/kic-gospic.eu\/novo\/#website\",\"url\":\"https:\/\/kic-gospic.eu\/novo\/\",\"name\":\"Kulturno Informativni Centar Gospi\u0107\",\"description\":\"\",\"publisher\":{\"@id\":\"https:\/\/kic-gospic.eu\/novo\/#organization\"},\"potentialAction\":[{\"@type\":\"SearchAction\",\"target\":{\"@type\":\"EntryPoint\",\"urlTemplate\":\"https:\/\/kic-gospic.eu\/novo\/?s={search_term_string}\"},\"query-input\":\"required name=search_term_string\"}],\"inLanguage\":\"en-US\"},{\"@type\":\"Organization\",\"@id\":\"https:\/\/kic-gospic.eu\/novo\/#organization\",\"name\":\"Kulturno Informativni Centar\",\"url\":\"https:\/\/kic-gospic.eu\/novo\/\",\"logo\":{\"@type\":\"ImageObject\",\"inLanguage\":\"en-US\",\"@id\":\"https:\/\/kic-gospic.eu\/novo\/#\/schema\/logo\/image\/\",\"url\":\"http:\/\/www.kic-gospic.eu\/wp-content\/uploads\/2017\/02\/kic-gospic-logo.jpg\",\"contentUrl\":\"http:\/\/www.kic-gospic.eu\/wp-content\/uploads\/2017\/02\/kic-gospic-logo.jpg\",\"width\":150,\"height\":150,\"caption\":\"Kulturno Informativni Centar\"},\"image\":{\"@id\":\"https:\/\/kic-gospic.eu\/novo\/#\/schema\/logo\/image\/\"},\"sameAs\":[\"https:\/\/www.facebook.com\/kicgospic\/\"]}]}<\/script>\n<!-- \/ Yoast SEO plugin. -->","yoast_head_json":{"title":"O nama | Djelatnosti | Vizija | Hrvatska | Kulturno Informativni Centar Gospi\u0107","robots":{"index":"index","follow":"follow","max-snippet":"max-snippet:-1","max-image-preview":"max-image-preview:large","max-video-preview":"max-video-preview:-1"},"canonical":"https:\/\/kic-gospic.eu\/novo\/o-nama\/","og_locale":"en_US","og_type":"article","og_title":"O nama | Djelatnosti | Vizija | Hrvatska | Kulturno Informativni Centar Gospi\u0107","og_description":"KIC je osnovan 2009. godine Odlukom Gradskog vije\u0107a Grada Gospi\u0107a pod nazivom Kulturno Informativni Centar Gospi\u0107, javna ustanova za kulturu, sa sjedi\u0161tem u Gospi\u0107u, Buda\u010dka 12. Djelatnost ustanove je: organizacija, razvijanje i unapre\u0111ivanje svih oblika kulturnog i umjetni\u010dkog stvarala\u0161tva; zadovoljavanje svih oblika zabavnih, kulturnih i umjetni\u010dkih potreba Grada Gospi\u0107a; izdava\u010dka djelatnost; promid\u017eba (reklama i propaganda); [&hellip;]","og_url":"https:\/\/kic-gospic.eu\/novo\/o-nama\/","og_site_name":"Kulturno Informativni Centar Gospi\u0107","article_publisher":"https:\/\/www.facebook.com\/kicgospic\/","article_modified_time":"2018-11-12T07:23:13+00:00","og_image":[{"width":150,"height":150,"url":"https:\/\/kic-gospic.eu\/novo\/wp-content\/uploads\/2017\/02\/kic-gospic-logo.jpg","type":"image\/jpeg"}],"twitter_card":"summary_large_image","twitter_misc":{"Est. reading time":"1 minute"},"schema":{"@context":"https:\/\/schema.org","@graph":[{"@type":"WebPage","@id":"https:\/\/kic-gospic.eu\/novo\/o-nama\/","url":"https:\/\/kic-gospic.eu\/novo\/o-nama\/","name":"O nama | Djelatnosti | Vizija | Hrvatska | Kulturno Informativni Centar Gospi\u0107","isPartOf":{"@id":"https:\/\/kic-gospic.eu\/novo\/#website"},"datePublished":"2017-02-12T08:34:31+00:00","dateModified":"2018-11-12T07:23:13+00:00","breadcrumb":{"@id":"https:\/\/kic-gospic.eu\/novo\/o-nama\/#breadcrumb"},"inLanguage":"en-US","potentialAction":[{"@type":"ReadAction","target":["https:\/\/kic-gospic.eu\/novo\/o-nama\/"]}]},{"@type":"BreadcrumbList","@id":"https:\/\/kic-gospic.eu\/novo\/o-nama\/#breadcrumb","itemListElement":[{"@type":"ListItem","position":1,"name":"Home","item":"https:\/\/kic-gospic.eu\/novo\/"},{"@type":"ListItem","position":2,"name":"O nama"}]},{"@type":"WebSite","@id":"https:\/\/kic-gospic.eu\/novo\/#website","url":"https:\/\/kic-gospic.eu\/novo\/","name":"Kulturno Informativni Centar Gospi\u0107","description":"","publisher":{"@id":"https:\/\/kic-gospic.eu\/novo\/#organization"},"potentialAction":[{"@type":"SearchAction","target":{"@type":"EntryPoint","urlTemplate":"https:\/\/kic-gospic.eu\/novo\/?s={search_term_string}"},"query-input":"required name=search_term_string"}],"inLanguage":"en-US"},{"@type":"Organization","@id":"https:\/\/kic-gospic.eu\/novo\/#organization","name":"Kulturno Informativni Centar","url":"https:\/\/kic-gospic.eu\/novo\/","logo":{"@type":"ImageObject","inLanguage":"en-US","@id":"https:\/\/kic-gospic.eu\/novo\/#\/schema\/logo\/image\/","url":"http:\/\/www.kic-gospic.eu\/wp-content\/uploads\/2017\/02\/kic-gospic-logo.jpg","contentUrl":"http:\/\/www.kic-gospic.eu\/wp-content\/uploads\/2017\/02\/kic-gospic-logo.jpg","width":150,"height":150,"caption":"Kulturno Informativni Centar"},"image":{"@id":"https:\/\/kic-gospic.eu\/novo\/#\/schema\/logo\/image\/"},"sameAs":["https:\/\/www.facebook.com\/kicgospic\/"]}]}},"_links":{"self":[{"href":"https:\/\/kic-gospic.eu\/novo\/wp-json\/wp\/v2\/pages\/13"}],"collection":[{"href":"https:\/\/kic-gospic.eu\/novo\/wp-json\/wp\/v2\/pages"}],"about":[{"href":"https:\/\/kic-gospic.eu\/novo\/wp-json\/wp\/v2\/types\/page"}],"author":[{"embeddable":true,"href":"https:\/\/kic-gospic.eu\/novo\/wp-json\/wp\/v2\/users\/2"}],"replies":[{"embeddable":true,"href":"https:\/\/kic-gospic.eu\/novo\/wp-json\/wp\/v2\/comments?post=13"}],"version-history":[{"count":3,"href":"https:\/\/kic-gospic.eu\/novo\/wp-json\/wp\/v2\/pages\/13\/revisions"}],"predecessor-version":[{"id":13312,"href":"https:\/\/kic-gospic.eu\/novo\/wp-json\/wp\/v2\/pages\/13\/revisions\/13312"}],"wp:attachment":[{"href":"https:\/\/kic-gospic.eu\/novo\/wp-json\/wp\/v2\/media?parent=13"}],"curies":[{"name":"wp","href":"https:\/\/api.w.org\/{rel}","templated":true}]}}