{"id":16912,"date":"2020-09-16T16:17:53","date_gmt":"2020-09-16T16:17:53","guid":{"rendered":"http:\/\/www.kic-gospic.eu\/?page_id=16912"},"modified":"2020-09-16T16:22:08","modified_gmt":"2020-09-16T16:22:08","slug":"pristupacnost-mreznih-stranica","status":"publish","type":"page","link":"https:\/\/kic-gospic.eu\/novo\/pristupacnost-mreznih-stranica\/","title":{"rendered":"Pristupa\u010dnost mre\u017enih stranica"},"content":{"rendered":"<p>Stupanjem na snagu\u00a0<a role=\"link\" href=\"https:\/\/narodne-novine.nn.hr\/clanci\/sluzbeni\/2019_02_17_358.html\">Zakona o pristupa\u010dnosti mre\u017enih stranica i programskih rje\u0161enja za pokretne ure\u0111aje tijela javnog sektora Republike Hrvatske<\/a>, Kulturno Informativni Centar Gospi\u0107 \u0107e nakon provedbe testiranja pristupa\u010dnosti, na ovim stranicama objaviti Izjavu o pristupa\u010dnosti svog mre\u017enog sjedi\u0161ta i aplikacija vezanih uz usluge i projekte, njihovoj uskla\u0111enosti s Direktivom (EU) 2016\/2102, te omogu\u0107iti pru\u017eanje povratnih informacija korisnika radi daljnjeg unaprje\u0111enja mre\u017ene pristupa\u010dnosti.<\/p>\n<h3>Op\u0107enito<\/h3>\n<p>Stranica www.kic-gospic.eu nastoji osigurati pristupa\u010dnost svojih usluga za osobe s invaliditetom. Ulo\u017eena su znatna sredstva kako bi se pojednostavilo kori\u0161tenje stranice s ciljem da postane pristupa\u010dnija za osobe s invaliditetom, u \u010dvrstom uvjerenju da svaka osoba ima pravo na dostojanstven, ravnopravan, udoban i neovisan \u017eivot.<br \/>\nKulturno Informativni Centar Gospi\u0107 prepoznaje va\u017enost osiguravanja digitalne pristupa\u010dnosti za sve korisnike, s posebnim naglaskom na lak\u0161em pristupu javnim uslugama i informacijama osobama s invaliditetom, primjenjuju\u0107i, u najve\u0107oj mogu\u0107oj mjeri, Direktivu (EU) 2016\/2102 Europskog parlamenta i Vije\u0107a od 26. listopada 2016. o pristupa\u010dnosti internetskih stranica i mobilnih aplikacija tijela javnog sektora.<\/p>\n<p>Kulturno Informativni Centar Gospi\u0107 kontinuirano pobolj\u0161ava korisni\u010dko iskustvo primjenjuju\u0107i relevantne standarde pristupa\u010dnosti prema smjernicama i standardizaciji mre\u017enog sadr\u017eaja (WCAG 2.1) inicijative za mre\u017enu pristupa\u010dnost (WAI) World Wide Web konzorcija (W3C), organizacije koja se bavi standardizacijom mre\u017enih tehnologija.<\/p>\n<h3>Pristupa\u010dnost na stranici www.kic-gospic.eu<\/h3>\n<p>Na stranici www.kic-gospic.eu dostupan je One Click Accessibility plugin koji omogu\u0107uje stranici www.rijeka.hr da pobolj\u0161a uskla\u0111enost sa Smjernicama za osiguravanje pristupa\u010dnosti mre\u017enih sadr\u017eaja (WCAG 2.1).<\/p>\n<h3>Omogu\u0107avanje izbornika pristupa\u010dnosti<\/h3>\n<p>Izbornik pristupa\u010dnosti stranice www.kic-gospic.eu aktivira se klikom na ikonu izbornika pristupa\u010dnosti koja se pojavljuje u desnom gornjem uglu stranice. Nakon pokretanja izbornika pristupa\u010dnosti, pri\u010dekajte trenutak dok se izbornik pristupa\u010dnosti ne u\u010dita u cijelosti pa zatim odaberite opciju koja vam najbolje odgovara.<\/p>\n<h3>Izjava o pristupa\u010dnosti<\/h3>\n<p>Kao tijelo javnog sektora, Kulturno Informativni Centar Gospi\u0107 nastoji svoje mre\u017ene stranice www.kic-gospic.eu u\u010diniti pristupa\u010dnima u skladu sa Zakonom o pristupa\u010dnosti mre\u017enih stranica i programskih rje\u0161enja za pokretne ure\u0111aje tijela javnog sektora Republike Hrvatske (NN 17\/19), od 23. rujna 2019., kojim se u nacionalno zakonodavstvo preuzima Direktiva (EU) 2016\/2102 Europskog parlamenta i Vije\u0107a o pristupa\u010dnosti internetskih stranica i mobilnih aplikacija tijela javnog sektora.<\/p>\n<h3>Stupanj uskla\u0111enosti<\/h3>\n<p>Mre\u017ena lokacija www.kic-gospic.eu uskla\u0111ena je sa Zakonom o pristupa\u010dnosti mre\u017enih stranica i programskih rje\u0161enja za pokretne ure\u0111aje tijela javnog sektora. Implementacijom nove CMS platforme i preoblikovanjem mre\u017enih stranica 2017.g. ispunjena je ve\u0107ina zahtjeva europske norme EN 301 549 V1.1.2 (2015-04), ali uz neke iznimke.<\/p>\n<h3>Nepristupa\u010dni sadr\u017eaj<\/h3>\n<p>Sadr\u017eaj naveden u nastavku nepristupa\u010dan je zbog sljede\u0107ih razloga:<\/p>\n<p><strong>Pristupa\u010dnost PDF dokumenata za osobe s o\u0161te\u0107enjem vida<\/strong><br \/>\nPojedine PDF datoteke sadr\u017eane u objavama\u00a0 nisu u cijelosti nastale izvozom iz izvori\u0161ne datoteke iz alata Microsoft Office Word uz odabir opcija za pristupa\u010dnost, ve\u0107 skeniranjem tiskanih dokumenata. Rije\u010d je o zapisnicima Upravnih vije\u0107a ustanova ili Izvje\u0161\u0107ima ustanova i komunalnih i trgova\u010dkih dru\u0161tava u vlasni\u0161tvu Kulturno Informativnog Centra Gospi\u0107 koji nisu pristupa\u010dni jer nisu prikladno pripremljeni za \u010dita\u010de ekrana.<\/p>\n<h3>Podizanje razine pristupa\u010dnosti<\/h3>\n<p>Kulturno Informativni Centar Gospi\u0107 \u0107e provesti korektivne mjere za rje\u0161avanje problema nepristupa\u010dnog sadr\u017eaja svog mre\u017enog sjedi\u0161ta u maksimalnoj mogu\u0107oj mjeri.<\/p>\n<p>Gre\u0161ke kontrasta i promjena veli\u010dine fonta rije\u0161ene su instalacijom WP Accessibility Tools plugin-a \u2013 alata za za pristupa\u010dnost koji se aktivira prelaskom pokaziva\u010da, u gornjem desnom uglu mre\u017enog mjesta.<\/p>\n<p>Gre\u0161ke nepotpunog tekstualnog opisa\u00a0sedam banera na naslovnici u vidu slika (Alt tekst) rije\u0161ene su promjenama u kod pa su sada \u010ditljivi u \u010dita\u010dima zaslona.<\/p>\n<p>Dio djelatnika Slu\u017ebe za medije osposobljen je za vo\u0111enje i odr\u017eavanje sadr\u017eaja mre\u017enih stranica i programskih rje\u0161enja za pokretne ure\u0111aje u skladu sa Zakonom o pristupa\u010dnosti poha\u0111anjem jednodnevne radionice namijenjene slu\u017ebenicima zadu\u017eenima za administraciju internetskih stranica u tijelima javnog sektora odnosno obveznicima primjene Zakona,\u00a0u organizaciji Dr\u017eavne \u0161kola za javnu upravu.<\/p>\n<h3>Priprema ove Izjave o pristupa\u010dnosti<\/h3>\n<p>Ova Izjava pripremljena je dana 13. prosinca 2019., sukladno Predlo\u0161ku izjave o pristupa\u010dnosti koji je u skladu s Direktivom (EU) 2016\/2102 Europskog parlamenta i Vije\u0107a o pristupa\u010dnosti internetskih stranica i mobilnih aplikacija tijela javnog sektora, a utvr\u0111en je Provedbenom odlukom komisije EU 2018\/1523 11. listopada 2018.<br \/>\nZa pripremu ove Izjave kori\u0161tena je metoda samoprocjene koju je provelo tijelo javnog sektora te metode testiranja pristupa\u010dnosti WAVE Web Accessibility Evaluation Tool i WAVE Web Accessibility Evaluation Tool.<\/p>\n<p>Ova Izjava upotpunjena je\u00a0 \u00a019. rujna 2020.<\/p>\n<h3>Povratne informacije i podaci za kontakt<\/h3>\n<p>Sve upite vezane uz pristupa\u010dnost mre\u017ene stranice rijeka.hr korisnici mogu uputiti<br \/>\nE-po\u0161tom:\u00a0kic-gospic@kic-gospic.eu<br \/>\nTelefonom: +385 053 65 89 75<br \/>\nPo\u0161tom: KULTURNO INFORMATIVNI CENTAR GOSPI\u0106, Buda\u010dka 12, 53000 Gospi\u0107.<\/p>\n<h3>Inspekcijski nadzor<\/h3>\n<p>Tijelo nadle\u017eno za pra\u0107enje uskla\u0111enosti mre\u017enih stranica i programskih rje\u0161enja za pokretne ure\u0111aje tijela javnog sektora sa zahtjevima pristupa\u010dnosti i nadzor nad provedbom Zakona o pristupa\u010dnosti je Povjerenik za informiranje Republike Hrvatske.<br \/>\nU slu\u010daju nezadovoljavaju\u0107ih odgovora na obavijest ili zahtjev za povratne informacije o pristupa\u010dnosti ovim mre\u017enih stranica, korisnici se mogu obratiti Povjereniku za informiranje putem telefona broj +385 1 4609 041 ili putem elektroni\u010dke po\u0161te:\u00a0<a role=\"link\" href=\"mailto:pristupacnost@pristupinfo.hr\">pristupacnost@pristupinfo.hr<\/a>.<\/p>\n","protected":false},"excerpt":{"rendered":"<p>Stupanjem na snagu\u00a0Zakona o pristupa\u010dnosti mre\u017enih stranica i programskih rje\u0161enja za pokretne ure\u0111aje tijela javnog sektora Republike Hrvatske, Kulturno Informativni Centar Gospi\u0107 \u0107e nakon provedbe testiranja pristupa\u010dnosti, na ovim stranicama objaviti Izjavu o pristupa\u010dnosti svog mre\u017enog sjedi\u0161ta i aplikacija vezanih uz usluge i projekte, njihovoj uskla\u0111enosti s Direktivom (EU) 2016\/2102, te omogu\u0107iti pru\u017eanje povratnih informacija [&hellip;]<\/p>\n","protected":false},"author":4,"featured_media":0,"parent":0,"menu_order":0,"comment_status":"closed","ping_status":"closed","template":"","meta":{"footnotes":""},"acf":[],"yoast_head":"<!-- This site is optimized with the Yoast SEO plugin v21.5 - https:\/\/yoast.com\/wordpress\/plugins\/seo\/ -->\n<title>Pristupa\u010dnost mre\u017enih stranica | Kulturno Informativni Centar Gospi\u0107<\/title>\n<meta name=\"robots\" content=\"index, follow, max-snippet:-1, max-image-preview:large, max-video-preview:-1\" \/>\n<link rel=\"canonical\" href=\"https:\/\/kic-gospic.eu\/novo\/pristupacnost-mreznih-stranica\/\" \/>\n<meta property=\"og:locale\" content=\"en_US\" \/>\n<meta property=\"og:type\" content=\"article\" \/>\n<meta property=\"og:title\" content=\"Pristupa\u010dnost mre\u017enih stranica | Kulturno Informativni Centar Gospi\u0107\" \/>\n<meta property=\"og:description\" content=\"Stupanjem na snagu\u00a0Zakona o pristupa\u010dnosti mre\u017enih stranica i programskih rje\u0161enja za pokretne ure\u0111aje tijela javnog sektora Republike Hrvatske, Kulturno Informativni Centar Gospi\u0107 \u0107e nakon provedbe testiranja pristupa\u010dnosti, na ovim stranicama objaviti Izjavu o pristupa\u010dnosti svog mre\u017enog sjedi\u0161ta i aplikacija vezanih uz usluge i projekte, njihovoj uskla\u0111enosti s Direktivom (EU) 2016\/2102, te omogu\u0107iti pru\u017eanje povratnih informacija [&hellip;]\" \/>\n<meta property=\"og:url\" content=\"https:\/\/kic-gospic.eu\/novo\/pristupacnost-mreznih-stranica\/\" \/>\n<meta property=\"og:site_name\" content=\"Kulturno Informativni Centar Gospi\u0107\" \/>\n<meta property=\"article:publisher\" content=\"https:\/\/www.facebook.com\/kicgospic\/\" \/>\n<meta property=\"article:modified_time\" content=\"2020-09-16T16:22:08+00:00\" \/>\n<meta property=\"og:image\" content=\"https:\/\/kic-gospic.eu\/novo\/wp-content\/uploads\/2017\/02\/kic-gospic-logo.jpg\" \/>\n\t<meta property=\"og:image:width\" content=\"150\" \/>\n\t<meta property=\"og:image:height\" content=\"150\" \/>\n\t<meta property=\"og:image:type\" content=\"image\/jpeg\" \/>\n<meta name=\"twitter:card\" content=\"summary_large_image\" \/>\n<meta name=\"twitter:label1\" content=\"Est. reading time\" \/>\n\t<meta name=\"twitter:data1\" content=\"5 minutes\" \/>\n<script type=\"application\/ld+json\" class=\"yoast-schema-graph\">{\"@context\":\"https:\/\/schema.org\",\"@graph\":[{\"@type\":\"WebPage\",\"@id\":\"https:\/\/kic-gospic.eu\/novo\/pristupacnost-mreznih-stranica\/\",\"url\":\"https:\/\/kic-gospic.eu\/novo\/pristupacnost-mreznih-stranica\/\",\"name\":\"Pristupa\u010dnost mre\u017enih stranica | Kulturno Informativni Centar Gospi\u0107\",\"isPartOf\":{\"@id\":\"https:\/\/kic-gospic.eu\/novo\/#website\"},\"datePublished\":\"2020-09-16T16:17:53+00:00\",\"dateModified\":\"2020-09-16T16:22:08+00:00\",\"breadcrumb\":{\"@id\":\"https:\/\/kic-gospic.eu\/novo\/pristupacnost-mreznih-stranica\/#breadcrumb\"},\"inLanguage\":\"en-US\",\"potentialAction\":[{\"@type\":\"ReadAction\",\"target\":[\"https:\/\/kic-gospic.eu\/novo\/pristupacnost-mreznih-stranica\/\"]}]},{\"@type\":\"BreadcrumbList\",\"@id\":\"https:\/\/kic-gospic.eu\/novo\/pristupacnost-mreznih-stranica\/#breadcrumb\",\"itemListElement\":[{\"@type\":\"ListItem\",\"position\":1,\"name\":\"Home\",\"item\":\"https:\/\/kic-gospic.eu\/novo\/\"},{\"@type\":\"ListItem\",\"position\":2,\"name\":\"Pristupa\u010dnost mre\u017enih stranica\"}]},{\"@type\":\"WebSite\",\"@id\":\"https:\/\/kic-gospic.eu\/novo\/#website\",\"url\":\"https:\/\/kic-gospic.eu\/novo\/\",\"name\":\"Kulturno Informativni Centar Gospi\u0107\",\"description\":\"\",\"publisher\":{\"@id\":\"https:\/\/kic-gospic.eu\/novo\/#organization\"},\"potentialAction\":[{\"@type\":\"SearchAction\",\"target\":{\"@type\":\"EntryPoint\",\"urlTemplate\":\"https:\/\/kic-gospic.eu\/novo\/?s={search_term_string}\"},\"query-input\":\"required name=search_term_string\"}],\"inLanguage\":\"en-US\"},{\"@type\":\"Organization\",\"@id\":\"https:\/\/kic-gospic.eu\/novo\/#organization\",\"name\":\"Kulturno Informativni Centar\",\"url\":\"https:\/\/kic-gospic.eu\/novo\/\",\"logo\":{\"@type\":\"ImageObject\",\"inLanguage\":\"en-US\",\"@id\":\"https:\/\/kic-gospic.eu\/novo\/#\/schema\/logo\/image\/\",\"url\":\"http:\/\/www.kic-gospic.eu\/wp-content\/uploads\/2017\/02\/kic-gospic-logo.jpg\",\"contentUrl\":\"http:\/\/www.kic-gospic.eu\/wp-content\/uploads\/2017\/02\/kic-gospic-logo.jpg\",\"width\":150,\"height\":150,\"caption\":\"Kulturno Informativni Centar\"},\"image\":{\"@id\":\"https:\/\/kic-gospic.eu\/novo\/#\/schema\/logo\/image\/\"},\"sameAs\":[\"https:\/\/www.facebook.com\/kicgospic\/\"]}]}<\/script>\n<!-- \/ Yoast SEO plugin. -->","yoast_head_json":{"title":"Pristupa\u010dnost mre\u017enih stranica | Kulturno Informativni Centar Gospi\u0107","robots":{"index":"index","follow":"follow","max-snippet":"max-snippet:-1","max-image-preview":"max-image-preview:large","max-video-preview":"max-video-preview:-1"},"canonical":"https:\/\/kic-gospic.eu\/novo\/pristupacnost-mreznih-stranica\/","og_locale":"en_US","og_type":"article","og_title":"Pristupa\u010dnost mre\u017enih stranica | Kulturno Informativni Centar Gospi\u0107","og_description":"Stupanjem na snagu\u00a0Zakona o pristupa\u010dnosti mre\u017enih stranica i programskih rje\u0161enja za pokretne ure\u0111aje tijela javnog sektora Republike Hrvatske, Kulturno Informativni Centar Gospi\u0107 \u0107e nakon provedbe testiranja pristupa\u010dnosti, na ovim stranicama objaviti Izjavu o pristupa\u010dnosti svog mre\u017enog sjedi\u0161ta i aplikacija vezanih uz usluge i projekte, njihovoj uskla\u0111enosti s Direktivom (EU) 2016\/2102, te omogu\u0107iti pru\u017eanje povratnih informacija [&hellip;]","og_url":"https:\/\/kic-gospic.eu\/novo\/pristupacnost-mreznih-stranica\/","og_site_name":"Kulturno Informativni Centar Gospi\u0107","article_publisher":"https:\/\/www.facebook.com\/kicgospic\/","article_modified_time":"2020-09-16T16:22:08+00:00","og_image":[{"width":150,"height":150,"url":"https:\/\/kic-gospic.eu\/novo\/wp-content\/uploads\/2017\/02\/kic-gospic-logo.jpg","type":"image\/jpeg"}],"twitter_card":"summary_large_image","twitter_misc":{"Est. reading time":"5 minutes"},"schema":{"@context":"https:\/\/schema.org","@graph":[{"@type":"WebPage","@id":"https:\/\/kic-gospic.eu\/novo\/pristupacnost-mreznih-stranica\/","url":"https:\/\/kic-gospic.eu\/novo\/pristupacnost-mreznih-stranica\/","name":"Pristupa\u010dnost mre\u017enih stranica | Kulturno Informativni Centar Gospi\u0107","isPartOf":{"@id":"https:\/\/kic-gospic.eu\/novo\/#website"},"datePublished":"2020-09-16T16:17:53+00:00","dateModified":"2020-09-16T16:22:08+00:00","breadcrumb":{"@id":"https:\/\/kic-gospic.eu\/novo\/pristupacnost-mreznih-stranica\/#breadcrumb"},"inLanguage":"en-US","potentialAction":[{"@type":"ReadAction","target":["https:\/\/kic-gospic.eu\/novo\/pristupacnost-mreznih-stranica\/"]}]},{"@type":"BreadcrumbList","@id":"https:\/\/kic-gospic.eu\/novo\/pristupacnost-mreznih-stranica\/#breadcrumb","itemListElement":[{"@type":"ListItem","position":1,"name":"Home","item":"https:\/\/kic-gospic.eu\/novo\/"},{"@type":"ListItem","position":2,"name":"Pristupa\u010dnost mre\u017enih stranica"}]},{"@type":"WebSite","@id":"https:\/\/kic-gospic.eu\/novo\/#website","url":"https:\/\/kic-gospic.eu\/novo\/","name":"Kulturno Informativni Centar Gospi\u0107","description":"","publisher":{"@id":"https:\/\/kic-gospic.eu\/novo\/#organization"},"potentialAction":[{"@type":"SearchAction","target":{"@type":"EntryPoint","urlTemplate":"https:\/\/kic-gospic.eu\/novo\/?s={search_term_string}"},"query-input":"required name=search_term_string"}],"inLanguage":"en-US"},{"@type":"Organization","@id":"https:\/\/kic-gospic.eu\/novo\/#organization","name":"Kulturno Informativni Centar","url":"https:\/\/kic-gospic.eu\/novo\/","logo":{"@type":"ImageObject","inLanguage":"en-US","@id":"https:\/\/kic-gospic.eu\/novo\/#\/schema\/logo\/image\/","url":"http:\/\/www.kic-gospic.eu\/wp-content\/uploads\/2017\/02\/kic-gospic-logo.jpg","contentUrl":"http:\/\/www.kic-gospic.eu\/wp-content\/uploads\/2017\/02\/kic-gospic-logo.jpg","width":150,"height":150,"caption":"Kulturno Informativni Centar"},"image":{"@id":"https:\/\/kic-gospic.eu\/novo\/#\/schema\/logo\/image\/"},"sameAs":["https:\/\/www.facebook.com\/kicgospic\/"]}]}},"_links":{"self":[{"href":"https:\/\/kic-gospic.eu\/novo\/wp-json\/wp\/v2\/pages\/16912"}],"collection":[{"href":"https:\/\/kic-gospic.eu\/novo\/wp-json\/wp\/v2\/pages"}],"about":[{"href":"https:\/\/kic-gospic.eu\/novo\/wp-json\/wp\/v2\/types\/page"}],"author":[{"embeddable":true,"href":"https:\/\/kic-gospic.eu\/novo\/wp-json\/wp\/v2\/users\/4"}],"replies":[{"embeddable":true,"href":"https:\/\/kic-gospic.eu\/novo\/wp-json\/wp\/v2\/comments?post=16912"}],"version-history":[{"count":1,"href":"https:\/\/kic-gospic.eu\/novo\/wp-json\/wp\/v2\/pages\/16912\/revisions"}],"predecessor-version":[{"id":16913,"href":"https:\/\/kic-gospic.eu\/novo\/wp-json\/wp\/v2\/pages\/16912\/revisions\/16913"}],"wp:attachment":[{"href":"https:\/\/kic-gospic.eu\/novo\/wp-json\/wp\/v2\/media?parent=16912"}],"curies":[{"name":"wp","href":"https:\/\/api.w.org\/{rel}","templated":true}]}}