{"id":18744,"date":"2023-10-17T10:49:43","date_gmt":"2023-10-17T10:49:43","guid":{"rendered":"https:\/\/www.kic-gospic.eu\/?page_id=18744"},"modified":"2023-10-19T12:57:41","modified_gmt":"2023-10-19T12:57:41","slug":"natjecaji-javni-pozivi","status":"publish","type":"page","link":"https:\/\/kic-gospic.eu\/novo\/natjecaji-javni-pozivi\/","title":{"rendered":"Natje\u010daji &#8211; Javni pozivi"},"content":{"rendered":"<p>&nbsp;<\/p>\n<ol>\n<li><a href=\"http:\/\/www.kic-gospic.eu\/wp-content\/uploads\/2023\/10\/Poziv-na-testiranje-tehnicar-1.pdf\">Poziv na testiranje za radno mjesto tehni\u010dar<\/a><\/li>\n<li><a href=\"http:\/\/www.kic-gospic.eu\/wp-content\/uploads\/2018\/02\/Natjecaj-za-Tehnicara-KIC-a-26.9.223.pdf\">Natje\u010daj za Tehni\u010dara KIC-a 26.9.2023<\/a><\/li>\n<li><a href=\"http:\/\/www.kic-gospic.eu\/wp-content\/uploads\/2023\/09\/Odluka-o-izboru-kandidata-za-radno-mjesto-novinar_voditelj-na-neodredeno-vrijeme.pdf\">Odluka o izboru kandidata za radno mjesto novinar_voditelj na neodredeno vrijeme<\/a><\/li>\n<li><a href=\"http:\/\/www.kic-gospic.eu\/wp-content\/uploads\/2023\/08\/Poziv-na-testiranje-novinar_voditelj.pdf\">Poziv na testiranje novinar_voditelj<\/a><\/li>\n<li><a role=\"link\" href=\"http:\/\/www.kic-gospic.eu\/wp-content\/uploads\/2023\/08\/Tekst-natjecaja-novinar-voditelj-na-neodredeno-radno-vrijeme.docx\">Tekst natje\u010daja novinar-voditelj na neodre\u0111eno radno vrijeme<\/a><\/li>\n<li><a href=\"http:\/\/www.kic-gospic.eu\/wp-content\/uploads\/2023\/06\/odluka-o-izboru-kandidata.pdf\">Odluka o izboru kandidata za radno mjesto novinar-voditelj<\/a><\/li>\n<li><a href=\"http:\/\/www.kic-gospic.eu\/wp-content\/uploads\/2023\/06\/Poziv-na-testiranje-natjecaj-novinar-voditelj.pdf\">Poziv na testiranje- natje\u010daj novinar-voditelj<\/a><\/li>\n<li><a role=\"link\" href=\"http:\/\/www.kic-gospic.eu\/wp-content\/uploads\/2023\/05\/Tekst-natjecaja-NOVI.docx\">Tekst natje\u010daja novinar-voditelj na neodre\u0111eno vrijeme<\/a><\/li>\n<li><a href=\"http:\/\/www.kic-gospic.eu\/wp-content\/uploads\/2018\/02\/Odluka-o-izboru-kandidata-za-radno-mjesto-Novinar_voditelj-na-neodredeno-vrijeme-1.pdf\">Odluka o izboru kandidata za radno mjesto Novinar_voditelj na neodre\u0111eno vrijeme<\/a><\/li>\n<li><a href=\"http:\/\/www.kic-gospic.eu\/wp-content\/uploads\/2018\/02\/Poziv-na-testiranje-natjecaj-novinar_voditelj.docx\">Poziv na testiranje natje\u010daj novinar_voditelj<\/a><\/li>\n<li><a href=\"http:\/\/www.kic-gospic.eu\/wp-content\/uploads\/2023\/01\/Tekst-natjecaja.docx\">Tekst natje\u010daja za novinar-voditelj na neodre\u0111eno vrijeme<\/a><\/li>\n<li><a href=\"http:\/\/www.kic-gospic.eu\/wp-content\/uploads\/2018\/02\/Odluka-o-neizboru-kandidata-za-radno-mjesto-novinar.voditelj-na-Radio-Gospicu-1-izvrsitelj-na-neodredeno-radno-vrijeme.pdf\">Odluka o neizboru kandidata za radno mjesto novinar.voditelj na Radio Gospi\u0107u 1 izvr\u0161itelj na neodre\u0111eno radno vrijeme<\/a><\/li>\n<li><a href=\"http:\/\/www.kic-gospic.eu\/wp-content\/uploads\/2022\/11\/Tekst-natjecaja-novinar-voditelj-na-neodredeno-vrijeme.doc\">Tekst natje\u010daja novinar-voditelj na neodre\u0111eno vrijeme<\/a><\/li>\n<li><a href=\"http:\/\/www.kic-gospic.eu\/wp-content\/uploads\/2023\/01\/Tekst-natjecaja.docx\">Natje\u010daj za prijam u radni odnos na neodre\u0111eno vrijeme<\/a><\/li>\n<li><a href=\"http:\/\/www.kic-gospic.eu\/wp-content\/uploads\/2018\/02\/Odluka-o-izboru-kandidata-za-radno-mjesto-Animator-za-kulturu-organizator-dogadanja-na-odredeno-vrijeme.pdf\">Odluka o izboru kandidata za radno mjesto Animator za kulturu-organizator doga\u0111anja na odre\u0111eno vrijeme<\/a><\/li>\n<li><a href=\"http:\/\/www.kic-gospic.eu\/wp-content\/uploads\/2022\/07\/POZIV-NA-TESTIRANJE-natjecaj-odredeno-ANIMATOR.docx\">POZIV-NA-TESTIRANJE-natje\u010daj-odre\u0111eno ANIMATOR<\/a><\/li>\n<li><a href=\"http:\/\/www.kic-gospic.eu\/wp-content\/uploads\/2018\/02\/TEKST-Natjecaj-za-prijam-u-radni-odnos-Animator-za-kulturu-organizator-dogadanja.pdf\">TEKST &#8211; Natje\u010daj za prijam u radni odnos &#8211; Animator za kulturu-organizator doga\u0111anja<\/a><\/li>\n<li><a href=\"http:\/\/www.kic-gospic.eu\/wp-content\/uploads\/2022\/07\/Natjecaj-za-ravnatelja-KIC-a-1.doc\">Natje\u010daj za ravnatelja KIC-a<\/a><\/li>\n<li><a href=\"http:\/\/www.kic-gospic.eu\/wp-content\/uploads\/2018\/02\/POZIV-NA-TESTIRANJE-natje\u010daj-neodre\u0111eno.docx\">Poziv_na_testiranje<\/a><\/li>\n<li><a href=\"http:\/\/www.kic-gospic.eu\/wp-content\/uploads\/2018\/02\/Natje\u010daj-_novinar_voditelj_neodre\u0111eno.docx\">Natje\u010daj _novinar_voditelj_neodre\u0111eno<\/a><\/li>\n<li><a href=\"http:\/\/www.kic-gospic.eu\/wp-content\/uploads\/2018\/02\/POZIV-TESTIRANJE-WEB.docx\">Poziv na testiranje<\/a><\/li>\n<li><a href=\"http:\/\/www.kic-gospic.eu\/wp-content\/uploads\/2018\/02\/Natje\u010daj-Novinar_voditelj-na-odre\u0111eno-vrijeme.docx\">Natje\u010daj Novinar_voditelj &#8211; na odre\u0111eno vrijeme<\/a><\/li>\n<li><a href=\"http:\/\/www.kic-gospic.eu\/wp-content\/uploads\/2018\/02\/Natje\u010daj-Ravnatelj-KIC-a-Gospi\u0107.docx\">Natje\u010daj &#8211; Ravnatelj KIC- a Gospi\u0107<\/a><\/li>\n<li><a href=\"http:\/\/www.kic-gospic.eu\/wp-content\/uploads\/2018\/02\/Odluka-o-poni\u0161tenju-Natje\u010daja-Novinar-voditelj.pdf\">Odluka o poni\u0161tenju Natje\u010daja Novinar-voditelj<\/a><\/li>\n<li><a href=\"http:\/\/www.kic-gospic.eu\/wp-content\/uploads\/2018\/02\/Natje\u010daj-Novinar-voditelj.pdf\">Natje\u010daj Novinar &#8211; voditelj<\/a><\/li>\n<li><a href=\"http:\/\/www.kic-gospic.eu\/wp-content\/uploads\/2018\/02\/Odluka-o-odabiru-ponuditelja-za-obavljanje-ugostiteljske-djelatnosti.pdf\">Odluka o odabiru ponuditelja za obavljanje ugostiteljske djelatnosti<\/a><\/li>\n<li><a href=\"http:\/\/www.kic-gospic.eu\/wp-content\/uploads\/2018\/02\/JAVNI-POZIV-za-obavljanje-ugostiteljske-djelatnosti-tijekom-GROCKS-1.pdf\">JAVNI POZIV za obavljanje ugostiteljske djelatnosti tijekom GROCKS<\/a><\/li>\n<li><\/li>\n<\/ol>\n","protected":false},"excerpt":{"rendered":"<p>&nbsp; Poziv na testiranje za radno mjesto tehni\u010dar Natje\u010daj za Tehni\u010dara KIC-a 26.9.2023 Odluka o izboru kandidata za radno mjesto novinar_voditelj na neodredeno vrijeme Poziv na testiranje novinar_voditelj Tekst natje\u010daja novinar-voditelj na neodre\u0111eno radno vrijeme Odluka o izboru kandidata za radno mjesto novinar-voditelj Poziv na testiranje- natje\u010daj novinar-voditelj Tekst natje\u010daja novinar-voditelj na neodre\u0111eno vrijeme Odluka [&hellip;]<\/p>\n","protected":false},"author":4,"featured_media":0,"parent":0,"menu_order":0,"comment_status":"closed","ping_status":"closed","template":"","meta":{"footnotes":""},"acf":[],"yoast_head":"<!-- This site is optimized with the Yoast SEO plugin v21.5 - https:\/\/yoast.com\/wordpress\/plugins\/seo\/ -->\n<title>Natje\u010daji - Javni pozivi | Kulturno Informativni Centar Gospi\u0107<\/title>\n<meta name=\"robots\" content=\"index, follow, max-snippet:-1, max-image-preview:large, max-video-preview:-1\" \/>\n<link rel=\"canonical\" href=\"https:\/\/kic-gospic.eu\/novo\/natjecaji-javni-pozivi\/\" \/>\n<meta property=\"og:locale\" content=\"en_US\" \/>\n<meta property=\"og:type\" content=\"article\" \/>\n<meta property=\"og:title\" content=\"Natje\u010daji - Javni pozivi | Kulturno Informativni Centar Gospi\u0107\" \/>\n<meta property=\"og:description\" content=\"&nbsp; Poziv na testiranje za radno mjesto tehni\u010dar Natje\u010daj za Tehni\u010dara KIC-a 26.9.2023 Odluka o izboru kandidata za radno mjesto novinar_voditelj na neodredeno vrijeme Poziv na testiranje novinar_voditelj Tekst natje\u010daja novinar-voditelj na neodre\u0111eno radno vrijeme Odluka o izboru kandidata za radno mjesto novinar-voditelj Poziv na testiranje- natje\u010daj novinar-voditelj Tekst natje\u010daja novinar-voditelj na neodre\u0111eno vrijeme Odluka [&hellip;]\" \/>\n<meta property=\"og:url\" content=\"https:\/\/kic-gospic.eu\/novo\/natjecaji-javni-pozivi\/\" \/>\n<meta property=\"og:site_name\" content=\"Kulturno Informativni Centar Gospi\u0107\" \/>\n<meta property=\"article:publisher\" content=\"https:\/\/www.facebook.com\/kicgospic\/\" \/>\n<meta property=\"article:modified_time\" content=\"2023-10-19T12:57:41+00:00\" \/>\n<meta property=\"og:image\" content=\"https:\/\/kic-gospic.eu\/novo\/wp-content\/uploads\/2017\/02\/kic-gospic-logo.jpg\" \/>\n\t<meta property=\"og:image:width\" content=\"150\" \/>\n\t<meta property=\"og:image:height\" content=\"150\" \/>\n\t<meta property=\"og:image:type\" content=\"image\/jpeg\" \/>\n<meta name=\"twitter:card\" content=\"summary_large_image\" \/>\n<meta name=\"twitter:label1\" content=\"Est. reading time\" \/>\n\t<meta name=\"twitter:data1\" content=\"1 minute\" \/>\n<script type=\"application\/ld+json\" class=\"yoast-schema-graph\">{\"@context\":\"https:\/\/schema.org\",\"@graph\":[{\"@type\":\"WebPage\",\"@id\":\"https:\/\/kic-gospic.eu\/novo\/natjecaji-javni-pozivi\/\",\"url\":\"https:\/\/kic-gospic.eu\/novo\/natjecaji-javni-pozivi\/\",\"name\":\"Natje\u010daji - Javni pozivi | Kulturno Informativni Centar Gospi\u0107\",\"isPartOf\":{\"@id\":\"https:\/\/kic-gospic.eu\/novo\/#website\"},\"datePublished\":\"2023-10-17T10:49:43+00:00\",\"dateModified\":\"2023-10-19T12:57:41+00:00\",\"breadcrumb\":{\"@id\":\"https:\/\/kic-gospic.eu\/novo\/natjecaji-javni-pozivi\/#breadcrumb\"},\"inLanguage\":\"en-US\",\"potentialAction\":[{\"@type\":\"ReadAction\",\"target\":[\"https:\/\/kic-gospic.eu\/novo\/natjecaji-javni-pozivi\/\"]}]},{\"@type\":\"BreadcrumbList\",\"@id\":\"https:\/\/kic-gospic.eu\/novo\/natjecaji-javni-pozivi\/#breadcrumb\",\"itemListElement\":[{\"@type\":\"ListItem\",\"position\":1,\"name\":\"Home\",\"item\":\"https:\/\/kic-gospic.eu\/novo\/\"},{\"@type\":\"ListItem\",\"position\":2,\"name\":\"Natje\u010daji &#8211; Javni pozivi\"}]},{\"@type\":\"WebSite\",\"@id\":\"https:\/\/kic-gospic.eu\/novo\/#website\",\"url\":\"https:\/\/kic-gospic.eu\/novo\/\",\"name\":\"Kulturno Informativni Centar Gospi\u0107\",\"description\":\"\",\"publisher\":{\"@id\":\"https:\/\/kic-gospic.eu\/novo\/#organization\"},\"potentialAction\":[{\"@type\":\"SearchAction\",\"target\":{\"@type\":\"EntryPoint\",\"urlTemplate\":\"https:\/\/kic-gospic.eu\/novo\/?s={search_term_string}\"},\"query-input\":\"required name=search_term_string\"}],\"inLanguage\":\"en-US\"},{\"@type\":\"Organization\",\"@id\":\"https:\/\/kic-gospic.eu\/novo\/#organization\",\"name\":\"Kulturno Informativni Centar\",\"url\":\"https:\/\/kic-gospic.eu\/novo\/\",\"logo\":{\"@type\":\"ImageObject\",\"inLanguage\":\"en-US\",\"@id\":\"https:\/\/kic-gospic.eu\/novo\/#\/schema\/logo\/image\/\",\"url\":\"http:\/\/www.kic-gospic.eu\/wp-content\/uploads\/2017\/02\/kic-gospic-logo.jpg\",\"contentUrl\":\"http:\/\/www.kic-gospic.eu\/wp-content\/uploads\/2017\/02\/kic-gospic-logo.jpg\",\"width\":150,\"height\":150,\"caption\":\"Kulturno Informativni Centar\"},\"image\":{\"@id\":\"https:\/\/kic-gospic.eu\/novo\/#\/schema\/logo\/image\/\"},\"sameAs\":[\"https:\/\/www.facebook.com\/kicgospic\/\"]}]}<\/script>\n<!-- \/ Yoast SEO plugin. -->","yoast_head_json":{"title":"Natje\u010daji - Javni pozivi | Kulturno Informativni Centar Gospi\u0107","robots":{"index":"index","follow":"follow","max-snippet":"max-snippet:-1","max-image-preview":"max-image-preview:large","max-video-preview":"max-video-preview:-1"},"canonical":"https:\/\/kic-gospic.eu\/novo\/natjecaji-javni-pozivi\/","og_locale":"en_US","og_type":"article","og_title":"Natje\u010daji - Javni pozivi | Kulturno Informativni Centar Gospi\u0107","og_description":"&nbsp; Poziv na testiranje za radno mjesto tehni\u010dar Natje\u010daj za Tehni\u010dara KIC-a 26.9.2023 Odluka o izboru kandidata za radno mjesto novinar_voditelj na neodredeno vrijeme Poziv na testiranje novinar_voditelj Tekst natje\u010daja novinar-voditelj na neodre\u0111eno radno vrijeme Odluka o izboru kandidata za radno mjesto novinar-voditelj Poziv na testiranje- natje\u010daj novinar-voditelj Tekst natje\u010daja novinar-voditelj na neodre\u0111eno vrijeme Odluka [&hellip;]","og_url":"https:\/\/kic-gospic.eu\/novo\/natjecaji-javni-pozivi\/","og_site_name":"Kulturno Informativni Centar Gospi\u0107","article_publisher":"https:\/\/www.facebook.com\/kicgospic\/","article_modified_time":"2023-10-19T12:57:41+00:00","og_image":[{"width":150,"height":150,"url":"https:\/\/kic-gospic.eu\/novo\/wp-content\/uploads\/2017\/02\/kic-gospic-logo.jpg","type":"image\/jpeg"}],"twitter_card":"summary_large_image","twitter_misc":{"Est. reading time":"1 minute"},"schema":{"@context":"https:\/\/schema.org","@graph":[{"@type":"WebPage","@id":"https:\/\/kic-gospic.eu\/novo\/natjecaji-javni-pozivi\/","url":"https:\/\/kic-gospic.eu\/novo\/natjecaji-javni-pozivi\/","name":"Natje\u010daji - Javni pozivi | Kulturno Informativni Centar Gospi\u0107","isPartOf":{"@id":"https:\/\/kic-gospic.eu\/novo\/#website"},"datePublished":"2023-10-17T10:49:43+00:00","dateModified":"2023-10-19T12:57:41+00:00","breadcrumb":{"@id":"https:\/\/kic-gospic.eu\/novo\/natjecaji-javni-pozivi\/#breadcrumb"},"inLanguage":"en-US","potentialAction":[{"@type":"ReadAction","target":["https:\/\/kic-gospic.eu\/novo\/natjecaji-javni-pozivi\/"]}]},{"@type":"BreadcrumbList","@id":"https:\/\/kic-gospic.eu\/novo\/natjecaji-javni-pozivi\/#breadcrumb","itemListElement":[{"@type":"ListItem","position":1,"name":"Home","item":"https:\/\/kic-gospic.eu\/novo\/"},{"@type":"ListItem","position":2,"name":"Natje\u010daji &#8211; Javni pozivi"}]},{"@type":"WebSite","@id":"https:\/\/kic-gospic.eu\/novo\/#website","url":"https:\/\/kic-gospic.eu\/novo\/","name":"Kulturno Informativni Centar Gospi\u0107","description":"","publisher":{"@id":"https:\/\/kic-gospic.eu\/novo\/#organization"},"potentialAction":[{"@type":"SearchAction","target":{"@type":"EntryPoint","urlTemplate":"https:\/\/kic-gospic.eu\/novo\/?s={search_term_string}"},"query-input":"required name=search_term_string"}],"inLanguage":"en-US"},{"@type":"Organization","@id":"https:\/\/kic-gospic.eu\/novo\/#organization","name":"Kulturno Informativni Centar","url":"https:\/\/kic-gospic.eu\/novo\/","logo":{"@type":"ImageObject","inLanguage":"en-US","@id":"https:\/\/kic-gospic.eu\/novo\/#\/schema\/logo\/image\/","url":"http:\/\/www.kic-gospic.eu\/wp-content\/uploads\/2017\/02\/kic-gospic-logo.jpg","contentUrl":"http:\/\/www.kic-gospic.eu\/wp-content\/uploads\/2017\/02\/kic-gospic-logo.jpg","width":150,"height":150,"caption":"Kulturno Informativni Centar"},"image":{"@id":"https:\/\/kic-gospic.eu\/novo\/#\/schema\/logo\/image\/"},"sameAs":["https:\/\/www.facebook.com\/kicgospic\/"]}]}},"_links":{"self":[{"href":"https:\/\/kic-gospic.eu\/novo\/wp-json\/wp\/v2\/pages\/18744"}],"collection":[{"href":"https:\/\/kic-gospic.eu\/novo\/wp-json\/wp\/v2\/pages"}],"about":[{"href":"https:\/\/kic-gospic.eu\/novo\/wp-json\/wp\/v2\/types\/page"}],"author":[{"embeddable":true,"href":"https:\/\/kic-gospic.eu\/novo\/wp-json\/wp\/v2\/users\/4"}],"replies":[{"embeddable":true,"href":"https:\/\/kic-gospic.eu\/novo\/wp-json\/wp\/v2\/comments?post=18744"}],"version-history":[{"count":4,"href":"https:\/\/kic-gospic.eu\/novo\/wp-json\/wp\/v2\/pages\/18744\/revisions"}],"predecessor-version":[{"id":18770,"href":"https:\/\/kic-gospic.eu\/novo\/wp-json\/wp\/v2\/pages\/18744\/revisions\/18770"}],"wp:attachment":[{"href":"https:\/\/kic-gospic.eu\/novo\/wp-json\/wp\/v2\/media?parent=18744"}],"curies":[{"name":"wp","href":"https:\/\/api.w.org\/{rel}","templated":true}]}}