{"id":29,"date":"2017-02-12T09:21:37","date_gmt":"2017-02-12T09:21:37","guid":{"rendered":"http:\/\/www.kic-gospic.eu\/?page_id=29"},"modified":"2022-11-07T08:52:48","modified_gmt":"2022-11-07T08:52:48","slug":"atrij-kic-a","status":"publish","type":"page","link":"https:\/\/kic-gospic.eu\/novo\/najam-dvorana\/atrij-kic-a\/","title":{"rendered":"Atrij KIC-a"},"content":{"rendered":"<p>U sklopu Kulturno Informativnog Centra Gospi\u0107, javne ustanove za kulturu na adresi Buda\u010dka 12, u Gospi\u0107u, nalazi se otvoreni prostor atrij, idealan za odr\u017eavanje glazbenih priredbi, koncerata, izlo\u017ebi, sajmova, humanitarnih i sli\u010dnih akcija.<\/p>\n<p><strong><span style=\"color: #ff9900;\">Cjenik najma atrija:<\/span><\/strong><\/p>\n<ul>\n<li>postavljanje \u00a0stolova, stolica, pokretnih naprava i sli\u010dno za obavljanje ugostiteljske djelatnosti = 1100,00 kn (146,00 eura) po prodajnom mjestu\/dnevno.<\/li>\n<li>kulturne, umjetni\u010dke, zabavne, sportske i sl. manifestacije = 700,00 kn (92,91 eura) po zauzetom mjestu\/dnevno.<\/li>\n<\/ul>\n<p>*U cijenu najma uklju\u010den je i \u201emini PR paket\u201c koji obuhva\u0107a: ogla\u0161avanje na KIC-ovoj web i facebook stranici, obavje\u0161tavanje medija, ogla\u0161avanje na oglasnom prostoru KIC-a.<\/p>\n<p>*Subotom, nedjeljom i blagdanom cijena se uve\u0107ava za 20%.<\/p>\n<p>*Popusti kod vi\u0161ednevnog iznajmljivanja prostora mogu biti dogovoreni s organizatorom programa, a KIC zadr\u017eava diskrecijsko pravo neprihva\u0107anja pru\u017eanja usluga.<\/p>\n<p>*Oslobo\u0111eni PDV-a temeljem \u010dlanka 11. Zakona.<\/p>\n<p>*Atrij se mo\u017ee dati na kori\u0161tenje bez naknade po nalogu ravnatelja ako se koristi u promotivne ili humanitarne svrhe, te sadr\u017eaje od interesa Grada Gospi\u0107a ili Ustanove.<\/p>\n<p><strong><em>*fiksni te\u010daj konverzije: 1 euro = 7,53450 kn<\/em><\/strong><\/p>\n<p>&nbsp;<\/p>\n<div class=\"clear20\"><\/div><h4 class=\"naslov-galerija-post\"><i class=\"fa fa-camera\"><\/i> <strong>Fotogalerija<\/strong> <\/h4> \n<div id=\"containerdiary\" class=\"js-masonry\">\n<div class=\"itemdiary\">\n<a href=\"https:\/\/kic-gospic.eu\/novo\/wp-content\/uploads\/2017\/02\/atrij3.jpg\" rel=\"29\"><img decoding=\"async\" src=\"https:\/\/kic-gospic.eu\/novo\/wp-content\/uploads\/2017\/02\/atrij3-235x176.jpg\" alt=\"\"  class=\"img-responsive slikadiary\" \/><\/a>\n<\/div>\n<div class=\"itemdiary\">\n<a href=\"https:\/\/kic-gospic.eu\/novo\/wp-content\/uploads\/2017\/02\/atrij2.jpg\" rel=\"29\"><img decoding=\"async\" src=\"https:\/\/kic-gospic.eu\/novo\/wp-content\/uploads\/2017\/02\/atrij2-235x176.jpg\" alt=\"\"  class=\"img-responsive slikadiary\" \/><\/a>\n<\/div>\n<div class=\"itemdiary\">\n<a href=\"https:\/\/kic-gospic.eu\/novo\/wp-content\/uploads\/2017\/02\/atrij1.jpg\" rel=\"29\"><img decoding=\"async\" src=\"https:\/\/kic-gospic.eu\/novo\/wp-content\/uploads\/2017\/02\/atrij1-235x176.jpg\" alt=\"\"  class=\"img-responsive slikadiary\" \/><\/a>\n<\/div>\n<\/div><div class=\"clear30\">\n\n","protected":false},"excerpt":{"rendered":"<p>U sklopu Kulturno Informativnog Centra Gospi\u0107, javne ustanove za kulturu na adresi Buda\u010dka 12, u Gospi\u0107u, nalazi se otvoreni prostor atrij, idealan za odr\u017eavanje glazbenih priredbi, koncerata, izlo\u017ebi, sajmova, humanitarnih i sli\u010dnih akcija. Cjenik najma atrija: postavljanje \u00a0stolova, stolica, pokretnih naprava i sli\u010dno za obavljanje ugostiteljske djelatnosti = 1100,00 kn (146,00 eura) po prodajnom mjestu\/dnevno. [&hellip;]<\/p>\n","protected":false},"author":2,"featured_media":0,"parent":22,"menu_order":0,"comment_status":"closed","ping_status":"closed","template":"","meta":{"footnotes":""},"acf":[],"yoast_head":"<!-- This site is optimized with the Yoast SEO plugin v21.5 - https:\/\/yoast.com\/wordpress\/plugins\/seo\/ -->\n<title>Atrij KIC-a | Cijena | Najam | Ponuda | Kulturno Informativni Centar Gospi\u0107<\/title>\n<meta name=\"robots\" content=\"index, follow, max-snippet:-1, max-image-preview:large, max-video-preview:-1\" \/>\n<link rel=\"canonical\" href=\"https:\/\/kic-gospic.eu\/novo\/najam-dvorana\/atrij-kic-a\/\" \/>\n<meta property=\"og:locale\" content=\"en_US\" \/>\n<meta property=\"og:type\" content=\"article\" \/>\n<meta property=\"og:title\" content=\"Atrij KIC-a | Cijena | Najam | Ponuda | Kulturno Informativni Centar Gospi\u0107\" \/>\n<meta property=\"og:description\" content=\"U sklopu Kulturno Informativnog Centra Gospi\u0107, javne ustanove za kulturu na adresi Buda\u010dka 12, u Gospi\u0107u, nalazi se otvoreni prostor atrij, idealan za odr\u017eavanje glazbenih priredbi, koncerata, izlo\u017ebi, sajmova, humanitarnih i sli\u010dnih akcija. Cjenik najma atrija: postavljanje \u00a0stolova, stolica, pokretnih naprava i sli\u010dno za obavljanje ugostiteljske djelatnosti = 1100,00 kn (146,00 eura) po prodajnom mjestu\/dnevno. [&hellip;]\" \/>\n<meta property=\"og:url\" content=\"https:\/\/kic-gospic.eu\/novo\/najam-dvorana\/atrij-kic-a\/\" \/>\n<meta property=\"og:site_name\" content=\"Kulturno Informativni Centar Gospi\u0107\" \/>\n<meta property=\"article:publisher\" content=\"https:\/\/www.facebook.com\/kicgospic\/\" \/>\n<meta property=\"article:modified_time\" content=\"2022-11-07T08:52:48+00:00\" \/>\n<meta property=\"og:image\" content=\"https:\/\/kic-gospic.eu\/novo\/wp-content\/uploads\/2017\/02\/atrij3-235x176.jpg\" \/>\n<meta name=\"twitter:card\" content=\"summary_large_image\" \/>\n<meta name=\"twitter:label1\" content=\"Est. reading time\" \/>\n\t<meta name=\"twitter:data1\" content=\"1 minute\" \/>\n<script type=\"application\/ld+json\" class=\"yoast-schema-graph\">{\"@context\":\"https:\/\/schema.org\",\"@graph\":[{\"@type\":\"WebPage\",\"@id\":\"https:\/\/kic-gospic.eu\/novo\/najam-dvorana\/atrij-kic-a\/\",\"url\":\"https:\/\/kic-gospic.eu\/novo\/najam-dvorana\/atrij-kic-a\/\",\"name\":\"Atrij KIC-a | Cijena | Najam | Ponuda | Kulturno Informativni Centar Gospi\u0107\",\"isPartOf\":{\"@id\":\"https:\/\/kic-gospic.eu\/novo\/#website\"},\"datePublished\":\"2017-02-12T09:21:37+00:00\",\"dateModified\":\"2022-11-07T08:52:48+00:00\",\"breadcrumb\":{\"@id\":\"https:\/\/kic-gospic.eu\/novo\/najam-dvorana\/atrij-kic-a\/#breadcrumb\"},\"inLanguage\":\"en-US\",\"potentialAction\":[{\"@type\":\"ReadAction\",\"target\":[\"https:\/\/kic-gospic.eu\/novo\/najam-dvorana\/atrij-kic-a\/\"]}]},{\"@type\":\"BreadcrumbList\",\"@id\":\"https:\/\/kic-gospic.eu\/novo\/najam-dvorana\/atrij-kic-a\/#breadcrumb\",\"itemListElement\":[{\"@type\":\"ListItem\",\"position\":1,\"name\":\"Home\",\"item\":\"https:\/\/kic-gospic.eu\/novo\/\"},{\"@type\":\"ListItem\",\"position\":2,\"name\":\"Najam dvorana\",\"item\":\"https:\/\/kic-gospic.eu\/novo\/najam-dvorana\/\"},{\"@type\":\"ListItem\",\"position\":3,\"name\":\"Atrij KIC-a\"}]},{\"@type\":\"WebSite\",\"@id\":\"https:\/\/kic-gospic.eu\/novo\/#website\",\"url\":\"https:\/\/kic-gospic.eu\/novo\/\",\"name\":\"Kulturno Informativni Centar Gospi\u0107\",\"description\":\"\",\"publisher\":{\"@id\":\"https:\/\/kic-gospic.eu\/novo\/#organization\"},\"potentialAction\":[{\"@type\":\"SearchAction\",\"target\":{\"@type\":\"EntryPoint\",\"urlTemplate\":\"https:\/\/kic-gospic.eu\/novo\/?s={search_term_string}\"},\"query-input\":\"required name=search_term_string\"}],\"inLanguage\":\"en-US\"},{\"@type\":\"Organization\",\"@id\":\"https:\/\/kic-gospic.eu\/novo\/#organization\",\"name\":\"Kulturno Informativni Centar\",\"url\":\"https:\/\/kic-gospic.eu\/novo\/\",\"logo\":{\"@type\":\"ImageObject\",\"inLanguage\":\"en-US\",\"@id\":\"https:\/\/kic-gospic.eu\/novo\/#\/schema\/logo\/image\/\",\"url\":\"http:\/\/www.kic-gospic.eu\/wp-content\/uploads\/2017\/02\/kic-gospic-logo.jpg\",\"contentUrl\":\"http:\/\/www.kic-gospic.eu\/wp-content\/uploads\/2017\/02\/kic-gospic-logo.jpg\",\"width\":150,\"height\":150,\"caption\":\"Kulturno Informativni Centar\"},\"image\":{\"@id\":\"https:\/\/kic-gospic.eu\/novo\/#\/schema\/logo\/image\/\"},\"sameAs\":[\"https:\/\/www.facebook.com\/kicgospic\/\"]}]}<\/script>\n<!-- \/ Yoast SEO plugin. -->","yoast_head_json":{"title":"Atrij KIC-a | Cijena | Najam | Ponuda | Kulturno Informativni Centar Gospi\u0107","robots":{"index":"index","follow":"follow","max-snippet":"max-snippet:-1","max-image-preview":"max-image-preview:large","max-video-preview":"max-video-preview:-1"},"canonical":"https:\/\/kic-gospic.eu\/novo\/najam-dvorana\/atrij-kic-a\/","og_locale":"en_US","og_type":"article","og_title":"Atrij KIC-a | Cijena | Najam | Ponuda | Kulturno Informativni Centar Gospi\u0107","og_description":"U sklopu Kulturno Informativnog Centra Gospi\u0107, javne ustanove za kulturu na adresi Buda\u010dka 12, u Gospi\u0107u, nalazi se otvoreni prostor atrij, idealan za odr\u017eavanje glazbenih priredbi, koncerata, izlo\u017ebi, sajmova, humanitarnih i sli\u010dnih akcija. Cjenik najma atrija: postavljanje \u00a0stolova, stolica, pokretnih naprava i sli\u010dno za obavljanje ugostiteljske djelatnosti = 1100,00 kn (146,00 eura) po prodajnom mjestu\/dnevno. [&hellip;]","og_url":"https:\/\/kic-gospic.eu\/novo\/najam-dvorana\/atrij-kic-a\/","og_site_name":"Kulturno Informativni Centar Gospi\u0107","article_publisher":"https:\/\/www.facebook.com\/kicgospic\/","article_modified_time":"2022-11-07T08:52:48+00:00","og_image":[{"url":"https:\/\/kic-gospic.eu\/novo\/wp-content\/uploads\/2017\/02\/atrij3-235x176.jpg"}],"twitter_card":"summary_large_image","twitter_misc":{"Est. reading time":"1 minute"},"schema":{"@context":"https:\/\/schema.org","@graph":[{"@type":"WebPage","@id":"https:\/\/kic-gospic.eu\/novo\/najam-dvorana\/atrij-kic-a\/","url":"https:\/\/kic-gospic.eu\/novo\/najam-dvorana\/atrij-kic-a\/","name":"Atrij KIC-a | Cijena | Najam | Ponuda | Kulturno Informativni Centar Gospi\u0107","isPartOf":{"@id":"https:\/\/kic-gospic.eu\/novo\/#website"},"datePublished":"2017-02-12T09:21:37+00:00","dateModified":"2022-11-07T08:52:48+00:00","breadcrumb":{"@id":"https:\/\/kic-gospic.eu\/novo\/najam-dvorana\/atrij-kic-a\/#breadcrumb"},"inLanguage":"en-US","potentialAction":[{"@type":"ReadAction","target":["https:\/\/kic-gospic.eu\/novo\/najam-dvorana\/atrij-kic-a\/"]}]},{"@type":"BreadcrumbList","@id":"https:\/\/kic-gospic.eu\/novo\/najam-dvorana\/atrij-kic-a\/#breadcrumb","itemListElement":[{"@type":"ListItem","position":1,"name":"Home","item":"https:\/\/kic-gospic.eu\/novo\/"},{"@type":"ListItem","position":2,"name":"Najam dvorana","item":"https:\/\/kic-gospic.eu\/novo\/najam-dvorana\/"},{"@type":"ListItem","position":3,"name":"Atrij KIC-a"}]},{"@type":"WebSite","@id":"https:\/\/kic-gospic.eu\/novo\/#website","url":"https:\/\/kic-gospic.eu\/novo\/","name":"Kulturno Informativni Centar Gospi\u0107","description":"","publisher":{"@id":"https:\/\/kic-gospic.eu\/novo\/#organization"},"potentialAction":[{"@type":"SearchAction","target":{"@type":"EntryPoint","urlTemplate":"https:\/\/kic-gospic.eu\/novo\/?s={search_term_string}"},"query-input":"required name=search_term_string"}],"inLanguage":"en-US"},{"@type":"Organization","@id":"https:\/\/kic-gospic.eu\/novo\/#organization","name":"Kulturno Informativni Centar","url":"https:\/\/kic-gospic.eu\/novo\/","logo":{"@type":"ImageObject","inLanguage":"en-US","@id":"https:\/\/kic-gospic.eu\/novo\/#\/schema\/logo\/image\/","url":"http:\/\/www.kic-gospic.eu\/wp-content\/uploads\/2017\/02\/kic-gospic-logo.jpg","contentUrl":"http:\/\/www.kic-gospic.eu\/wp-content\/uploads\/2017\/02\/kic-gospic-logo.jpg","width":150,"height":150,"caption":"Kulturno Informativni Centar"},"image":{"@id":"https:\/\/kic-gospic.eu\/novo\/#\/schema\/logo\/image\/"},"sameAs":["https:\/\/www.facebook.com\/kicgospic\/"]}]}},"_links":{"self":[{"href":"https:\/\/kic-gospic.eu\/novo\/wp-json\/wp\/v2\/pages\/29"}],"collection":[{"href":"https:\/\/kic-gospic.eu\/novo\/wp-json\/wp\/v2\/pages"}],"about":[{"href":"https:\/\/kic-gospic.eu\/novo\/wp-json\/wp\/v2\/types\/page"}],"author":[{"embeddable":true,"href":"https:\/\/kic-gospic.eu\/novo\/wp-json\/wp\/v2\/users\/2"}],"replies":[{"embeddable":true,"href":"https:\/\/kic-gospic.eu\/novo\/wp-json\/wp\/v2\/comments?post=29"}],"version-history":[{"count":4,"href":"https:\/\/kic-gospic.eu\/novo\/wp-json\/wp\/v2\/pages\/29\/revisions"}],"predecessor-version":[{"id":17337,"href":"https:\/\/kic-gospic.eu\/novo\/wp-json\/wp\/v2\/pages\/29\/revisions\/17337"}],"up":[{"embeddable":true,"href":"https:\/\/kic-gospic.eu\/novo\/wp-json\/wp\/v2\/pages\/22"}],"wp:attachment":[{"href":"https:\/\/kic-gospic.eu\/novo\/wp-json\/wp\/v2\/media?parent=29"}],"curies":[{"name":"wp","href":"https:\/\/api.w.org\/{rel}","templated":true}]}}