{"id":39,"date":"2017-02-19T10:51:38","date_gmt":"2017-02-19T10:51:38","guid":{"rendered":"http:\/\/www.kic-gospic.eu\/?page_id=39"},"modified":"2019-11-12T12:00:48","modified_gmt":"2019-11-12T12:00:48","slug":"prostorije-u-atriju","status":"publish","type":"page","link":"https:\/\/kic-gospic.eu\/novo\/nasi-korisnici\/prostorije-u-atriju\/","title":{"rendered":"Prostorije u atriju"},"content":{"rendered":"<ul>\n<li>Klub lije\u010denih alkoholi\u010dara Gospi\u0107<\/li>\n<li>Udruga udovica hrvatskih branitelja Domovinskog rata Li\u010dko-senjske \u017eupanije<\/li>\n<li>Udruga djece poginulih i nestalih hrvatskih branitelja Li\u010dko-senjske \u017eupanije<\/li>\n<li>Li\u010dka ekolo\u0161ka akcija<\/li>\n<li>Udruga roditelja djece s pote\u0161ko\u0107ama u razvoju &#8220;P\u010delice&#8221;<\/li>\n<li>Udruga ratnih veterana 9. gardijske brigade \u201eVukovi\u201c<\/li>\n<li>Turisti\u010dka agencija Lika Travel d.o.o.<\/li>\n<li>Zajednica tehni\u010dke kulture Grada Gospi\u0107a<\/li>\n<\/ul>\n","protected":false},"excerpt":{"rendered":"<p>Klub lije\u010denih alkoholi\u010dara Gospi\u0107 Udruga udovica hrvatskih branitelja Domovinskog rata Li\u010dko-senjske \u017eupanije Udruga djece poginulih i nestalih hrvatskih branitelja Li\u010dko-senjske \u017eupanije Li\u010dka ekolo\u0161ka akcija Udruga roditelja djece s pote\u0161ko\u0107ama u razvoju &#8220;P\u010delice&#8221; Udruga ratnih veterana 9. gardijske brigade \u201eVukovi\u201c Turisti\u010dka agencija Lika Travel d.o.o. Zajednica tehni\u010dke kulture Grada Gospi\u0107a<\/p>\n","protected":false},"author":2,"featured_media":0,"parent":19,"menu_order":0,"comment_status":"closed","ping_status":"closed","template":"","meta":{"footnotes":""},"acf":[],"yoast_head":"<!-- This site is optimized with the Yoast SEO plugin v21.5 - https:\/\/yoast.com\/wordpress\/plugins\/seo\/ -->\n<title>Prostorije u atriju | Kulturno Informativni Centar Gospi\u0107<\/title>\n<meta name=\"robots\" content=\"index, follow, max-snippet:-1, max-image-preview:large, max-video-preview:-1\" \/>\n<link rel=\"canonical\" href=\"https:\/\/kic-gospic.eu\/novo\/nasi-korisnici\/prostorije-u-atriju\/\" \/>\n<meta property=\"og:locale\" content=\"en_US\" \/>\n<meta property=\"og:type\" content=\"article\" \/>\n<meta property=\"og:title\" content=\"Prostorije u atriju | Kulturno Informativni Centar Gospi\u0107\" \/>\n<meta property=\"og:description\" content=\"Klub lije\u010denih alkoholi\u010dara Gospi\u0107 Udruga udovica hrvatskih branitelja Domovinskog rata Li\u010dko-senjske \u017eupanije Udruga djece poginulih i nestalih hrvatskih branitelja Li\u010dko-senjske \u017eupanije Li\u010dka ekolo\u0161ka akcija Udruga roditelja djece s pote\u0161ko\u0107ama u razvoju &#8220;P\u010delice&#8221; Udruga ratnih veterana 9. gardijske brigade \u201eVukovi\u201c Turisti\u010dka agencija Lika Travel d.o.o. Zajednica tehni\u010dke kulture Grada Gospi\u0107a\" \/>\n<meta property=\"og:url\" content=\"https:\/\/kic-gospic.eu\/novo\/nasi-korisnici\/prostorije-u-atriju\/\" \/>\n<meta property=\"og:site_name\" content=\"Kulturno Informativni Centar Gospi\u0107\" \/>\n<meta property=\"article:publisher\" content=\"https:\/\/www.facebook.com\/kicgospic\/\" \/>\n<meta property=\"article:modified_time\" content=\"2019-11-12T12:00:48+00:00\" \/>\n<meta property=\"og:image\" content=\"https:\/\/kic-gospic.eu\/novo\/wp-content\/uploads\/2017\/02\/kic-gospic-logo.jpg\" \/>\n\t<meta property=\"og:image:width\" content=\"150\" \/>\n\t<meta property=\"og:image:height\" content=\"150\" \/>\n\t<meta property=\"og:image:type\" content=\"image\/jpeg\" \/>\n<meta name=\"twitter:card\" content=\"summary_large_image\" \/>\n<script type=\"application\/ld+json\" class=\"yoast-schema-graph\">{\"@context\":\"https:\/\/schema.org\",\"@graph\":[{\"@type\":\"WebPage\",\"@id\":\"https:\/\/kic-gospic.eu\/novo\/nasi-korisnici\/prostorije-u-atriju\/\",\"url\":\"https:\/\/kic-gospic.eu\/novo\/nasi-korisnici\/prostorije-u-atriju\/\",\"name\":\"Prostorije u atriju | Kulturno Informativni Centar Gospi\u0107\",\"isPartOf\":{\"@id\":\"https:\/\/kic-gospic.eu\/novo\/#website\"},\"datePublished\":\"2017-02-19T10:51:38+00:00\",\"dateModified\":\"2019-11-12T12:00:48+00:00\",\"breadcrumb\":{\"@id\":\"https:\/\/kic-gospic.eu\/novo\/nasi-korisnici\/prostorije-u-atriju\/#breadcrumb\"},\"inLanguage\":\"en-US\",\"potentialAction\":[{\"@type\":\"ReadAction\",\"target\":[\"https:\/\/kic-gospic.eu\/novo\/nasi-korisnici\/prostorije-u-atriju\/\"]}]},{\"@type\":\"BreadcrumbList\",\"@id\":\"https:\/\/kic-gospic.eu\/novo\/nasi-korisnici\/prostorije-u-atriju\/#breadcrumb\",\"itemListElement\":[{\"@type\":\"ListItem\",\"position\":1,\"name\":\"Home\",\"item\":\"https:\/\/kic-gospic.eu\/novo\/\"},{\"@type\":\"ListItem\",\"position\":2,\"name\":\"Na\u0161i korisnici\",\"item\":\"https:\/\/kic-gospic.eu\/novo\/nasi-korisnici\/\"},{\"@type\":\"ListItem\",\"position\":3,\"name\":\"Prostorije u atriju\"}]},{\"@type\":\"WebSite\",\"@id\":\"https:\/\/kic-gospic.eu\/novo\/#website\",\"url\":\"https:\/\/kic-gospic.eu\/novo\/\",\"name\":\"Kulturno Informativni Centar Gospi\u0107\",\"description\":\"\",\"publisher\":{\"@id\":\"https:\/\/kic-gospic.eu\/novo\/#organization\"},\"potentialAction\":[{\"@type\":\"SearchAction\",\"target\":{\"@type\":\"EntryPoint\",\"urlTemplate\":\"https:\/\/kic-gospic.eu\/novo\/?s={search_term_string}\"},\"query-input\":\"required name=search_term_string\"}],\"inLanguage\":\"en-US\"},{\"@type\":\"Organization\",\"@id\":\"https:\/\/kic-gospic.eu\/novo\/#organization\",\"name\":\"Kulturno Informativni Centar\",\"url\":\"https:\/\/kic-gospic.eu\/novo\/\",\"logo\":{\"@type\":\"ImageObject\",\"inLanguage\":\"en-US\",\"@id\":\"https:\/\/kic-gospic.eu\/novo\/#\/schema\/logo\/image\/\",\"url\":\"http:\/\/www.kic-gospic.eu\/wp-content\/uploads\/2017\/02\/kic-gospic-logo.jpg\",\"contentUrl\":\"http:\/\/www.kic-gospic.eu\/wp-content\/uploads\/2017\/02\/kic-gospic-logo.jpg\",\"width\":150,\"height\":150,\"caption\":\"Kulturno Informativni Centar\"},\"image\":{\"@id\":\"https:\/\/kic-gospic.eu\/novo\/#\/schema\/logo\/image\/\"},\"sameAs\":[\"https:\/\/www.facebook.com\/kicgospic\/\"]}]}<\/script>\n<!-- \/ Yoast SEO plugin. -->","yoast_head_json":{"title":"Prostorije u atriju | Kulturno Informativni Centar Gospi\u0107","robots":{"index":"index","follow":"follow","max-snippet":"max-snippet:-1","max-image-preview":"max-image-preview:large","max-video-preview":"max-video-preview:-1"},"canonical":"https:\/\/kic-gospic.eu\/novo\/nasi-korisnici\/prostorije-u-atriju\/","og_locale":"en_US","og_type":"article","og_title":"Prostorije u atriju | Kulturno Informativni Centar Gospi\u0107","og_description":"Klub lije\u010denih alkoholi\u010dara Gospi\u0107 Udruga udovica hrvatskih branitelja Domovinskog rata Li\u010dko-senjske \u017eupanije Udruga djece poginulih i nestalih hrvatskih branitelja Li\u010dko-senjske \u017eupanije Li\u010dka ekolo\u0161ka akcija Udruga roditelja djece s pote\u0161ko\u0107ama u razvoju &#8220;P\u010delice&#8221; Udruga ratnih veterana 9. gardijske brigade \u201eVukovi\u201c Turisti\u010dka agencija Lika Travel d.o.o. Zajednica tehni\u010dke kulture Grada Gospi\u0107a","og_url":"https:\/\/kic-gospic.eu\/novo\/nasi-korisnici\/prostorije-u-atriju\/","og_site_name":"Kulturno Informativni Centar Gospi\u0107","article_publisher":"https:\/\/www.facebook.com\/kicgospic\/","article_modified_time":"2019-11-12T12:00:48+00:00","og_image":[{"width":150,"height":150,"url":"https:\/\/kic-gospic.eu\/novo\/wp-content\/uploads\/2017\/02\/kic-gospic-logo.jpg","type":"image\/jpeg"}],"twitter_card":"summary_large_image","schema":{"@context":"https:\/\/schema.org","@graph":[{"@type":"WebPage","@id":"https:\/\/kic-gospic.eu\/novo\/nasi-korisnici\/prostorije-u-atriju\/","url":"https:\/\/kic-gospic.eu\/novo\/nasi-korisnici\/prostorije-u-atriju\/","name":"Prostorije u atriju | Kulturno Informativni Centar Gospi\u0107","isPartOf":{"@id":"https:\/\/kic-gospic.eu\/novo\/#website"},"datePublished":"2017-02-19T10:51:38+00:00","dateModified":"2019-11-12T12:00:48+00:00","breadcrumb":{"@id":"https:\/\/kic-gospic.eu\/novo\/nasi-korisnici\/prostorije-u-atriju\/#breadcrumb"},"inLanguage":"en-US","potentialAction":[{"@type":"ReadAction","target":["https:\/\/kic-gospic.eu\/novo\/nasi-korisnici\/prostorije-u-atriju\/"]}]},{"@type":"BreadcrumbList","@id":"https:\/\/kic-gospic.eu\/novo\/nasi-korisnici\/prostorije-u-atriju\/#breadcrumb","itemListElement":[{"@type":"ListItem","position":1,"name":"Home","item":"https:\/\/kic-gospic.eu\/novo\/"},{"@type":"ListItem","position":2,"name":"Na\u0161i korisnici","item":"https:\/\/kic-gospic.eu\/novo\/nasi-korisnici\/"},{"@type":"ListItem","position":3,"name":"Prostorije u atriju"}]},{"@type":"WebSite","@id":"https:\/\/kic-gospic.eu\/novo\/#website","url":"https:\/\/kic-gospic.eu\/novo\/","name":"Kulturno Informativni Centar Gospi\u0107","description":"","publisher":{"@id":"https:\/\/kic-gospic.eu\/novo\/#organization"},"potentialAction":[{"@type":"SearchAction","target":{"@type":"EntryPoint","urlTemplate":"https:\/\/kic-gospic.eu\/novo\/?s={search_term_string}"},"query-input":"required name=search_term_string"}],"inLanguage":"en-US"},{"@type":"Organization","@id":"https:\/\/kic-gospic.eu\/novo\/#organization","name":"Kulturno Informativni Centar","url":"https:\/\/kic-gospic.eu\/novo\/","logo":{"@type":"ImageObject","inLanguage":"en-US","@id":"https:\/\/kic-gospic.eu\/novo\/#\/schema\/logo\/image\/","url":"http:\/\/www.kic-gospic.eu\/wp-content\/uploads\/2017\/02\/kic-gospic-logo.jpg","contentUrl":"http:\/\/www.kic-gospic.eu\/wp-content\/uploads\/2017\/02\/kic-gospic-logo.jpg","width":150,"height":150,"caption":"Kulturno Informativni Centar"},"image":{"@id":"https:\/\/kic-gospic.eu\/novo\/#\/schema\/logo\/image\/"},"sameAs":["https:\/\/www.facebook.com\/kicgospic\/"]}]}},"_links":{"self":[{"href":"https:\/\/kic-gospic.eu\/novo\/wp-json\/wp\/v2\/pages\/39"}],"collection":[{"href":"https:\/\/kic-gospic.eu\/novo\/wp-json\/wp\/v2\/pages"}],"about":[{"href":"https:\/\/kic-gospic.eu\/novo\/wp-json\/wp\/v2\/types\/page"}],"author":[{"embeddable":true,"href":"https:\/\/kic-gospic.eu\/novo\/wp-json\/wp\/v2\/users\/2"}],"replies":[{"embeddable":true,"href":"https:\/\/kic-gospic.eu\/novo\/wp-json\/wp\/v2\/comments?post=39"}],"version-history":[{"count":4,"href":"https:\/\/kic-gospic.eu\/novo\/wp-json\/wp\/v2\/pages\/39\/revisions"}],"predecessor-version":[{"id":16721,"href":"https:\/\/kic-gospic.eu\/novo\/wp-json\/wp\/v2\/pages\/39\/revisions\/16721"}],"up":[{"embeddable":true,"href":"https:\/\/kic-gospic.eu\/novo\/wp-json\/wp\/v2\/pages\/19"}],"wp:attachment":[{"href":"https:\/\/kic-gospic.eu\/novo\/wp-json\/wp\/v2\/media?parent=39"}],"curies":[{"name":"wp","href":"https:\/\/api.w.org\/{rel}","templated":true}]}}